{"id":107,"date":"2024-06-18T01:01:18","date_gmt":"2024-06-18T01:01:18","guid":{"rendered":"https:\/\/agricolaesperanza.cl\/?page_id=107"},"modified":"2026-01-13T19:19:36","modified_gmt":"2026-01-13T19:19:36","slug":"mision-y-vision","status":"publish","type":"page","link":"https:\/\/agricolaesperanza.cl\/en\/mision-y-vision\/","title":{"rendered":"Mission and vision"},"content":{"rendered":"<div data-elementor-type=\"wp-page\" data-elementor-id=\"107\" class=\"elementor elementor-107\" data-elementor-post-type=\"page\">\n\t\t\t\t<div class=\"elementor-element elementor-element-9e60bcf animated-slow e-flex e-con-boxed elementor-invisible e-con e-parent\" data-id=\"9e60bcf\" data-element_type=\"container\" data-settings=\"{&quot;background_background&quot;:&quot;classic&quot;,&quot;animation&quot;:&quot;fadeIn&quot;}\">\n\t\t\t\t\t<div class=\"e-con-inner\">\n\t\t\t\t<div class=\"elementor-element elementor-element-4219a3d elementor-widget elementor-widget-image\" data-id=\"4219a3d\" data-element_type=\"widget\" data-widget_type=\"image.default\">\n\t\t\t\t<div class=\"elementor-widget-container\">\n\t\t\t\t\t\t\t\t\t\t\t\t\t\t\t<img decoding=\"async\" width=\"178\" height=\"163\" src=\"https:\/\/agricolaesperanza.cl\/wp-content\/uploads\/2024\/06\/Recurso-3-2.png\" class=\"attachment-large size-large wp-image-87\" alt=\"\" \/>\t\t\t\t\t\t\t\t\t\t\t\t\t\t\t<\/div>\n\t\t\t\t<\/div>\n\t\t\t\t<div class=\"elementor-element elementor-element-5ebfcd8 elementor-widget elementor-widget-heading\" data-id=\"5ebfcd8\" data-element_type=\"widget\" data-widget_type=\"heading.default\">\n\t\t\t\t<div class=\"elementor-widget-container\">\n\t\t\t\t\t<h2 class=\"elementor-heading-title elementor-size-default\">Mission and vision<\/h2>\t\t\t\t<\/div>\n\t\t\t\t<\/div>\n\t\t\t\t\t<\/div>\n\t\t\t\t<\/div>\n\t\t<div class=\"elementor-element elementor-element-64b403b e-flex e-con-boxed e-con e-parent\" data-id=\"64b403b\" data-element_type=\"container\">\n\t\t\t\t\t<div class=\"e-con-inner\">\n\t\t<div class=\"elementor-element elementor-element-115bde8 e-con-full animated-slow e-flex elementor-invisible e-con e-child\" data-id=\"115bde8\" data-element_type=\"container\" data-settings=\"{&quot;animation&quot;:&quot;fadeInLeft&quot;}\">\n\t\t\t\t<div class=\"elementor-element elementor-element-c64cccd elementor-widget elementor-widget-image\" data-id=\"c64cccd\" data-element_type=\"widget\" data-widget_type=\"image.default\">\n\t\t\t\t<div class=\"elementor-widget-container\">\n\t\t\t\t\t\t\t\t\t\t\t\t\t\t\t<img decoding=\"async\" src=\"https:\/\/agricolaesperanza.cl\/wp-content\/uploads\/2026\/01\/DJI_0183.jpg\" title=\"DJI_0183\" alt=\"DJI_0183\" class=\"elementor-animation-grow\" loading=\"lazy\" \/>\t\t\t\t\t\t\t\t\t\t\t\t\t\t\t<\/div>\n\t\t\t\t<\/div>\n\t\t\t\t<\/div>\n\t\t<div class=\"elementor-element elementor-element-5649367 e-con-full animated-slow e-flex elementor-invisible e-con e-child\" data-id=\"5649367\" data-element_type=\"container\" data-settings=\"{&quot;animation&quot;:&quot;fadeInRight&quot;}\">\n\t\t\t\t<div class=\"elementor-element elementor-element-63cc8df elementor-widget elementor-widget-heading\" data-id=\"63cc8df\" data-element_type=\"widget\" data-widget_type=\"heading.default\">\n\t\t\t\t<div class=\"elementor-widget-container\">\n\t\t\t\t\t<h2 class=\"elementor-heading-title elementor-size-default\">Mission<\/h2>\t\t\t\t<\/div>\n\t\t\t\t<\/div>\n\t\t\t\t<div class=\"elementor-element elementor-element-510dc40 elementor-widget elementor-widget-text-editor\" data-id=\"510dc40\" data-element_type=\"widget\" data-widget_type=\"text-editor.default\">\n\t\t\t\t<div class=\"elementor-widget-container\">\n\t\t\t\t\t\t\t\t\t<p>Dedicated to producing nuts of the highest quality, Agr\u00edcola Esperanza consistently meets the stringent standards demanded by the most discerning markets. Our commitment extends beyond excellence in cultivation, prioritizing the well-being of our collaborators and maintaining a steadfast focus on environmental sustainability. By cultivating walnuts of excellence, we not only meet the expectations of our customers but also contribute to a future where agricultural practices harmonize with the environment.<\/p>\t\t\t\t\t\t\t\t<\/div>\n\t\t\t\t<\/div>\n\t\t\t\t<\/div>\n\t\t\t\t\t<\/div>\n\t\t\t\t<\/div>\n\t\t<div class=\"elementor-element elementor-element-09e4b9e e-flex e-con-boxed e-con e-parent\" data-id=\"09e4b9e\" data-element_type=\"container\">\n\t\t\t\t\t<div class=\"e-con-inner\">\n\t\t<div class=\"elementor-element elementor-element-5bf11c7 e-con-full animated-slow e-flex elementor-invisible e-con e-child\" data-id=\"5bf11c7\" data-element_type=\"container\" data-settings=\"{&quot;animation&quot;:&quot;fadeInLeft&quot;}\">\n\t\t\t\t<div class=\"elementor-element elementor-element-3a668f4 elementor-widget elementor-widget-heading\" data-id=\"3a668f4\" data-element_type=\"widget\" data-widget_type=\"heading.default\">\n\t\t\t\t<div class=\"elementor-widget-container\">\n\t\t\t\t\t<h2 class=\"elementor-heading-title elementor-size-default\">Vision<\/h2>\t\t\t\t<\/div>\n\t\t\t\t<\/div>\n\t\t\t\t<div class=\"elementor-element elementor-element-287d662 elementor-widget elementor-widget-text-editor\" data-id=\"287d662\" data-element_type=\"widget\" data-widget_type=\"text-editor.default\">\n\t\t\t\t<div class=\"elementor-widget-container\">\n\t\t\t\t\t\t\t\t\tOur vision at Agr\u00edcola Esperanza is to firmly establish our presence in the markets of purchasing countries as the premier producers of high-quality Chilean walnuts and a distinguished export company. We aim to achieve this by fostering personalized and sustainable long-term business relationships with our clients. Our commitment goes beyond delivering exceptional products; we aspire to be recognized for our reliability, integrity, and dedication to environmental sustainability, ensuring that our clients not only receive top-tier walnuts but also experience a partnership that stands the test of time.\t\t\t\t\t\t\t\t<\/div>\n\t\t\t\t<\/div>\n\t\t\t\t<\/div>\n\t\t<div class=\"elementor-element elementor-element-0277dde e-con-full animated-slow e-flex elementor-invisible e-con e-child\" data-id=\"0277dde\" data-element_type=\"container\" data-settings=\"{&quot;animation&quot;:&quot;fadeInRight&quot;}\">\n\t\t\t\t<div class=\"elementor-element elementor-element-dc9b9fd elementor-widget elementor-widget-image\" data-id=\"dc9b9fd\" data-element_type=\"widget\" data-widget_type=\"image.default\">\n\t\t\t\t<div class=\"elementor-widget-container\">\n\t\t\t\t\t\t\t\t\t\t\t\t\t\t\t<img decoding=\"async\" src=\"https:\/\/agricolaesperanza.cl\/wp-content\/uploads\/elementor\/thumbs\/Recurso-6-1-e1718720214663-qpuf9cqrxz5bs64sioozr1cuih3czhsjuzxk4f5kzs.png\" title=\"Recurso 6\" alt=\"Recurso 6\" class=\"elementor-animation-grow\" loading=\"lazy\" \/>\t\t\t\t\t\t\t\t\t\t\t\t\t\t\t<\/div>\n\t\t\t\t<\/div>\n\t\t\t\t<\/div>\n\t\t\t\t\t<\/div>\n\t\t\t\t<\/div>\n\t\t\t\t<\/div>","protected":false},"excerpt":{"rendered":"<p>Misi\u00f3n y Visi\u00f3n Misi\u00f3n Dedicados a producir nueces de la m\u00e1s alta calidad, Agr\u00edcola Esperanza cumple consistentemente con los estrictos est\u00e1ndares exigidos por los mercados m\u00e1s exigentes. Nuestro compromiso va m\u00e1s all\u00e1 de la excelencia en el cultivo, priorizando el bienestar de nuestros colaboradores y manteniendo un enfoque constante en la sostenibilidad ambiental. Al cultivar [&hellip;]<\/p>","protected":false},"author":1,"featured_media":0,"parent":0,"menu_order":0,"comment_status":"closed","ping_status":"closed","template":"","meta":{"footnotes":""},"class_list":["post-107","page","type-page","status-publish","hentry"],"_links":{"self":[{"href":"https:\/\/agricolaesperanza.cl\/en\/wp-json\/wp\/v2\/pages\/107","targetHints":{"allow":["GET"]}}],"collection":[{"href":"https:\/\/agricolaesperanza.cl\/en\/wp-json\/wp\/v2\/pages"}],"about":[{"href":"https:\/\/agricolaesperanza.cl\/en\/wp-json\/wp\/v2\/types\/page"}],"author":[{"embeddable":true,"href":"https:\/\/agricolaesperanza.cl\/en\/wp-json\/wp\/v2\/users\/1"}],"replies":[{"embeddable":true,"href":"https:\/\/agricolaesperanza.cl\/en\/wp-json\/wp\/v2\/comments?post=107"}],"version-history":[{"count":28,"href":"https:\/\/agricolaesperanza.cl\/en\/wp-json\/wp\/v2\/pages\/107\/revisions"}],"predecessor-version":[{"id":460,"href":"https:\/\/agricolaesperanza.cl\/en\/wp-json\/wp\/v2\/pages\/107\/revisions\/460"}],"wp:attachment":[{"href":"https:\/\/agricolaesperanza.cl\/en\/wp-json\/wp\/v2\/media?parent=107"}],"curies":[{"name":"wp","href":"https:\/\/api.w.org\/{rel}","templated":true}]}}